{"id":1105,"date":"2024-08-20T08:19:22","date_gmt":"2024-08-20T06:19:22","guid":{"rendered":"https:\/\/logisticavifra.com\/sectors\/"},"modified":"2024-09-12T18:28:59","modified_gmt":"2024-09-12T16:28:59","slug":"sectors","status":"publish","type":"page","link":"https:\/\/logisticavifra.com\/ca\/sectors\/","title":{"rendered":"Sectors"},"content":{"rendered":"\t\t<div data-elementor-type=\"wp-page\" data-elementor-id=\"1105\" class=\"elementor elementor-1105 elementor-113\" data-elementor-post-type=\"page\">\n\t\t\t\t<div class=\"elementor-element elementor-element-6029d17 e-con-full e-flex e-con e-parent\" data-id=\"6029d17\" data-element_type=\"container\" data-e-type=\"container\" data-settings=\"{&quot;background_background&quot;:&quot;classic&quot;}\">\n\t\t<div class=\"elementor-element elementor-element-73133fc e-con-full e-flex e-con e-child\" data-id=\"73133fc\" data-element_type=\"container\" data-e-type=\"container\">\n\t\t\t\t<div class=\"elementor-element elementor-element-71ac74c elementor-widget elementor-widget-heading\" data-id=\"71ac74c\" data-element_type=\"widget\" data-e-type=\"widget\" data-widget_type=\"heading.default\">\n\t\t\t\t<div class=\"elementor-widget-container\">\n\t\t\t\t\t<h2 class=\"elementor-heading-title elementor-size-default\">Sectors dactivitat<\/h2>\t\t\t\t<\/div>\n\t\t\t\t<\/div>\n\t\t\t\t<div class=\"elementor-element elementor-element-f0dd6de elementor-widget__width-initial elementor-widget-mobile__width-inherit elementor-widget elementor-widget-heading\" data-id=\"f0dd6de\" data-element_type=\"widget\" data-e-type=\"widget\" data-widget_type=\"heading.default\">\n\t\t\t\t<div class=\"elementor-widget-container\">\n\t\t\t\t\t<h2 class=\"elementor-heading-title elementor-size-default\">Serveis adaptats a les necessitats de cada sector<\/h2>\t\t\t\t<\/div>\n\t\t\t\t<\/div>\n\t\t\t\t<div class=\"elementor-element elementor-element-0d85691 elementor-widget__width-initial elementor-widget-mobile__width-inherit elementor-widget elementor-widget-text-editor\" data-id=\"0d85691\" data-element_type=\"widget\" data-e-type=\"widget\" data-widget_type=\"text-editor.default\">\n\t\t\t\t<div class=\"elementor-widget-container\">\n\t\t\t\t\t\t\t\t\t<p>Log\u00edstica Vifra ofereix un servei integral de transport i emmagatzematge adaptat a les necessitats del client i de cada sector.  <\/p>\n\t\t\t\t\t\t\t\t<\/div>\n\t\t\t\t<\/div>\n\t\t\t\t<div class=\"elementor-element elementor-element-87f414f elementor-view-default elementor-widget elementor-widget-icon\" data-id=\"87f414f\" data-element_type=\"widget\" data-e-type=\"widget\" data-widget_type=\"icon.default\">\n\t\t\t\t<div class=\"elementor-widget-container\">\n\t\t\t\t\t\t\t<div class=\"elementor-icon-wrapper\">\n\t\t\t<a class=\"elementor-icon\" href=\"#lista\">\n\t\t\t<svg xmlns=\"http:\/\/www.w3.org\/2000\/svg\" viewBox=\"0 0 128 128\"><g><g id=\"Layer_1\"><g><polygon points=\"64.1 99 94.1 69 90.3 65.1 66.8 88.5 66.8 32.8 61.3 32.8 61.3 88.5 37.8 65.1 34 69 64.1 99\"><\/polygon><path d=\"M63.9,6.7c31.6,0,57.4,25.6,57.4,57.4s-25.6,57.2-57.4,57.2S6.7,95.5,6.7,63.9,32.3,6.7,63.9,6.7ZM63.9,115.8c28.5,0,51.9-23.4,51.9-51.9S92.5,12,63.9,12,12,35.4,12,63.9s23.4,51.9,51.9,51.9Z\"><\/path><\/g><\/g><\/g><\/svg>\t\t\t<\/a>\n\t\t<\/div>\n\t\t\t\t\t\t<\/div>\n\t\t\t\t<\/div>\n\t\t\t\t<\/div>\n\t\t\t\t<\/div>\n\t\t<div class=\"elementor-element elementor-element-bb0c3b4 e-con-full e-flex e-con e-parent\" data-id=\"bb0c3b4\" data-element_type=\"container\" data-e-type=\"container\" data-settings=\"{&quot;background_background&quot;:&quot;video&quot;,&quot;background_video_link&quot;:&quot;https:\\\/\\\/vimeo.com\\\/1000438460&quot;,&quot;background_video_start&quot;:30,&quot;background_video_end&quot;:60,&quot;background_play_on_mobile&quot;:&quot;yes&quot;}\">\n\t\t<div class=\"elementor-background-video-container\">\n\t\t\t\t\t\t\t<div class=\"elementor-background-video-embed\" role=\"presentation\"><\/div>\n\t\t\t\t\t\t<\/div><div class=\"elementor-element elementor-element-f12fbf9 e-con-full e-flex e-con e-child\" data-id=\"f12fbf9\" data-element_type=\"container\" data-e-type=\"container\">\n\t\t<div class=\"elementor-element elementor-element-6d9f70c e-con-full e-flex e-con e-child\" data-id=\"6d9f70c\" data-element_type=\"container\" data-e-type=\"container\">\n\t\t<div class=\"elementor-element elementor-element-46c404d e-con-full e-flex e-con e-child\" data-id=\"46c404d\" data-element_type=\"container\" data-e-type=\"container\">\n\t\t\t\t<div class=\"elementor-element elementor-element-c685d9c elementor-widget elementor-widget-text-editor\" data-id=\"c685d9c\" data-element_type=\"widget\" data-e-type=\"widget\" data-widget_type=\"text-editor.default\">\n\t\t\t\t<div class=\"elementor-widget-container\">\n\t\t\t\t\t\t\t\t\t<p>Aquests serveis inclouen des de transport convencional i urgent, magatzem log\u00edstic, c\u00e0rrega i desc\u00e0rrega de camions, manipulaci\u00f3, classificaci\u00f3, control de qualitat i log\u00edstica inversa, ia m\u00e9s, si es requereix, pot incloure l&#8217;etiquetatge individualitzat dels articles.<\/p>\n\t\t\t\t\t\t\t\t<\/div>\n\t\t\t\t<\/div>\n\t\t\t\t<div class=\"elementor-element elementor-element-09f6a22 elementor-widget elementor-widget-text-editor\" data-id=\"09f6a22\" data-element_type=\"widget\" data-e-type=\"widget\" data-widget_type=\"text-editor.default\">\n\t\t\t\t<div class=\"elementor-widget-container\">\n\t\t\t\t\t\t\t\t\t<p>Tots aquests serveis s&#8217;ofereixen tenint en compte les particularitats de cadascun dels \u00e0mbits i, gr\u00e0cies a l&#8217;\u00e0mplia experi\u00e8ncia de Log\u00edstica Vifra, actualment s&#8217;ofereixen amb les m\u00e0ximes garanties a empreses destacades de diferents sectors.<\/p>\n\t\t\t\t\t\t\t\t<\/div>\n\t\t\t\t<\/div>\n\t\t\t\t<\/div>\n\t\t<div class=\"elementor-element elementor-element-692f6fb e-con-full e-flex e-con e-child\" data-id=\"692f6fb\" data-element_type=\"container\" data-e-type=\"container\">\n\t\t\t\t<\/div>\n\t\t\t\t<\/div>\n\t\t\t\t<\/div>\n\t\t<div class=\"elementor-element elementor-element-ec4d150 e-con-full e-flex e-con e-child\" data-id=\"ec4d150\" data-element_type=\"container\" data-e-type=\"container\">\n\t\t<div class=\"elementor-element elementor-element-96aa3b4 e-con-full e-flex e-con e-child\" data-id=\"96aa3b4\" data-element_type=\"container\" data-e-type=\"container\">\n\t\t<div class=\"elementor-element elementor-element-ce481d6 e-con-full e-flex e-con e-child\" data-id=\"ce481d6\" data-element_type=\"container\" data-e-type=\"container\">\n\t\t\t\t<div class=\"elementor-element elementor-element-ff3907a elementor-widget elementor-widget-text-editor\" data-id=\"ff3907a\" data-element_type=\"widget\" data-e-type=\"widget\" data-widget_type=\"text-editor.default\">\n\t\t\t\t<div class=\"elementor-widget-container\">\n\t\t\t\t\t\t\t\t\t<p>Acer inoxidable<br \/> Alimentari (Excepte productes frescos)<br \/> Automoci\u00f3<br \/> Digital<br \/> Educaci\u00f3<br \/> Electr\u00f2nica<br \/> Esports d\u00b4hivern<br \/> Impremtes i arts gr\u00e0fiques<\/p>\n\t\t\t\t\t\t\t\t<\/div>\n\t\t\t\t<\/div>\n\t\t\t\t<\/div>\n\t\t<div class=\"elementor-element elementor-element-5260dc1 e-con-full e-flex e-con e-child\" data-id=\"5260dc1\" data-element_type=\"container\" data-e-type=\"container\">\n\t\t\t\t<div class=\"elementor-element elementor-element-440932d elementor-widget elementor-widget-text-editor\" data-id=\"440932d\" data-element_type=\"widget\" data-e-type=\"widget\" data-widget_type=\"text-editor.default\">\n\t\t\t\t<div class=\"elementor-widget-container\">\n\t\t\t\t\t\t\t\t\t<p>Industrial &#8211; Metal\u00b7l\u00fargic<br \/> Metge<br \/> Parament de la Llar<br \/> Nutrici\u00f3 animal<br \/> Oci i Publicitat<br \/> T\u00e8xtil<br \/> Pl\u00e0stic<\/p>\n\t\t\t\t\t\t\t\t<\/div>\n\t\t\t\t<\/div>\n\t\t\t\t<\/div>\n\t\t\t\t<\/div>\n\t\t\t\t<\/div>\n\t\t\t\t<\/div>\n\t\t\t\t<\/div>\n\t\t","protected":false},"excerpt":{"rendered":"<p>Sectors dactivitat Serveis adaptats a les necessitats de cada sector Log\u00edstica Vifra ofereix un servei integral de transport i emmagatzematge adaptat a les necessitats del client i de cada sector. Aquests serveis inclouen des de transport convencional i urgent, magatzem log\u00edstic, c\u00e0rrega i desc\u00e0rrega de camions, manipulaci\u00f3, classificaci\u00f3, control de qualitat i log\u00edstica inversa, ia [&hellip;]<\/p>\n","protected":false},"author":1,"featured_media":0,"parent":0,"menu_order":0,"comment_status":"closed","ping_status":"closed","template":"","meta":{"_acf_changed":false,"_seopress_robots_primary_cat":"","_seopress_titles_title":"","_seopress_titles_desc":"","_seopress_robots_index":"","inline_featured_image":false,"footnotes":""},"class_list":["post-1105","page","type-page","status-publish","hentry"],"acf":[],"_links":{"self":[{"href":"https:\/\/logisticavifra.com\/ca\/wp-json\/wp\/v2\/pages\/1105","targetHints":{"allow":["GET"]}}],"collection":[{"href":"https:\/\/logisticavifra.com\/ca\/wp-json\/wp\/v2\/pages"}],"about":[{"href":"https:\/\/logisticavifra.com\/ca\/wp-json\/wp\/v2\/types\/page"}],"author":[{"embeddable":true,"href":"https:\/\/logisticavifra.com\/ca\/wp-json\/wp\/v2\/users\/1"}],"replies":[{"embeddable":true,"href":"https:\/\/logisticavifra.com\/ca\/wp-json\/wp\/v2\/comments?post=1105"}],"version-history":[{"count":8,"href":"https:\/\/logisticavifra.com\/ca\/wp-json\/wp\/v2\/pages\/1105\/revisions"}],"predecessor-version":[{"id":1390,"href":"https:\/\/logisticavifra.com\/ca\/wp-json\/wp\/v2\/pages\/1105\/revisions\/1390"}],"wp:attachment":[{"href":"https:\/\/logisticavifra.com\/ca\/wp-json\/wp\/v2\/media?parent=1105"}],"curies":[{"name":"wp","href":"https:\/\/api.w.org\/{rel}","templated":true}]}}