{"id":1109,"date":"2024-08-20T08:24:56","date_gmt":"2024-08-20T06:24:56","guid":{"rendered":"https:\/\/logisticavifra.com\/noticies\/"},"modified":"2024-09-12T18:17:26","modified_gmt":"2024-09-12T16:17:26","slug":"noticies","status":"publish","type":"page","link":"https:\/\/logisticavifra.com\/ca\/noticies\/","title":{"rendered":"Not\u00edcies"},"content":{"rendered":"\t\t<div data-elementor-type=\"wp-page\" data-elementor-id=\"1109\" class=\"elementor elementor-1109 elementor-125\" data-elementor-post-type=\"page\">\n\t\t\t\t<div class=\"elementor-element elementor-element-e2bda96 e-flex e-con-boxed e-con e-parent\" data-id=\"e2bda96\" data-element_type=\"container\" data-e-type=\"container\">\n\t\t\t\t\t<div class=\"e-con-inner\">\n\t\t\t\t<div class=\"elementor-element elementor-element-c2f3dec elementor-widget elementor-widget-heading\" data-id=\"c2f3dec\" data-element_type=\"widget\" data-e-type=\"widget\" data-widget_type=\"heading.default\">\n\t\t\t\t<div class=\"elementor-widget-container\">\n\t\t\t\t\t<h2 class=\"elementor-heading-title elementor-size-default\">Not\u00edcies<\/h2>\t\t\t\t<\/div>\n\t\t\t\t<\/div>\n\t\t\t\t\t<\/div>\n\t\t\t\t<\/div>\n\t\t<div class=\"elementor-element elementor-element-ca6379e e-flex e-con-boxed e-con e-parent\" data-id=\"ca6379e\" data-element_type=\"container\" data-e-type=\"container\">\n\t\t\t\t\t<div class=\"e-con-inner\">\n\t\t\t\t<div class=\"elementor-element elementor-element-e0d1e32 elementor-grid-1 elementor-grid-tablet-2 elementor-grid-mobile-1 elementor-widget elementor-widget-loop-grid\" data-id=\"e0d1e32\" data-element_type=\"widget\" data-e-type=\"widget\" data-settings=\"{&quot;template_id&quot;:1482,&quot;columns&quot;:1,&quot;_skin&quot;:&quot;post&quot;,&quot;columns_tablet&quot;:&quot;2&quot;,&quot;columns_mobile&quot;:&quot;1&quot;,&quot;edit_handle_selector&quot;:&quot;[data-elementor-type=\\&quot;loop-item\\&quot;]&quot;,&quot;row_gap&quot;:{&quot;unit&quot;:&quot;px&quot;,&quot;size&quot;:&quot;&quot;,&quot;sizes&quot;:[]},&quot;row_gap_tablet&quot;:{&quot;unit&quot;:&quot;px&quot;,&quot;size&quot;:&quot;&quot;,&quot;sizes&quot;:[]},&quot;row_gap_mobile&quot;:{&quot;unit&quot;:&quot;px&quot;,&quot;size&quot;:&quot;&quot;,&quot;sizes&quot;:[]}}\" data-widget_type=\"loop-grid.post\">\n\t\t\t\t<div class=\"elementor-widget-container\">\n\t\t\t\t\t\t\t<div class=\"elementor-loop-container elementor-grid\" role=\"list\">\n\t\t<style id=\"loop-1482\">.elementor-1482 .elementor-element.elementor-element-3b98f16{--display:flex;--flex-direction:row;--container-widget-width:initial;--container-widget-height:100%;--container-widget-flex-grow:1;--container-widget-align-self:stretch;--flex-wrap-mobile:wrap;--gap:0px 25px;--row-gap:0px;--column-gap:25px;}.elementor-1482 .elementor-element.elementor-element-dffb01d{--display:flex;--flex-direction:column;--container-widget-width:100%;--container-widget-height:initial;--container-widget-flex-grow:0;--container-widget-align-self:initial;--flex-wrap-mobile:wrap;}.elementor-1482 .elementor-element.elementor-element-7ece1e0 img{width:100%;border-radius:20px 20px 20px 20px;}.elementor-1482 .elementor-element.elementor-element-63d27d0{--display:flex;--flex-direction:column;--container-widget-width:100%;--container-widget-height:initial;--container-widget-flex-grow:0;--container-widget-align-self:initial;--flex-wrap-mobile:wrap;}.elementor-1482 .elementor-element.elementor-element-5ccc5c4 .elementor-heading-title{font-family:\"aktiv-grotesk-thin\", Sans-serif;font-size:2.2rem;line-height:1.1em;}@media(max-width:767px){.elementor-1482 .elementor-element.elementor-element-5ccc5c4 .elementor-heading-title{font-size:2rem;}}@media(min-width:768px){.elementor-1482 .elementor-element.elementor-element-dffb01d{--width:33.3333%;}.elementor-1482 .elementor-element.elementor-element-63d27d0{--width:66.6666%;}}<\/style>\t\t<div data-elementor-type=\"loop-item\" data-elementor-id=\"1482\" class=\"elementor elementor-1482 elementor-592 elementor-592 e-loop-item e-loop-item-1512 post-1512 post type-post status-publish format-standard has-post-thumbnail hentry category-flota-ca\" data-elementor-post-type=\"elementor_library\" data-custom-edit-handle=\"1\">\n\t\t\t<div class=\"elementor-element elementor-element-3b98f16 e-con-full e-flex e-con e-parent\" data-id=\"3b98f16\" data-element_type=\"container\" data-e-type=\"container\">\n\t\t<div class=\"elementor-element elementor-element-dffb01d e-con-full e-flex e-con e-child\" data-id=\"dffb01d\" data-element_type=\"container\" data-e-type=\"container\">\n\t\t\t\t<div class=\"elementor-element elementor-element-7ece1e0 elementor-widget elementor-widget-theme-post-featured-image elementor-widget-image\" data-id=\"7ece1e0\" data-element_type=\"widget\" data-e-type=\"widget\" data-widget_type=\"theme-post-featured-image.default\">\n\t\t\t\t<div class=\"elementor-widget-container\">\n\t\t\t\t\t\t\t\t\t\t\t\t\t\t\t<img fetchpriority=\"high\" decoding=\"async\" width=\"800\" height=\"652\" src=\"https:\/\/logisticavifra.com\/wp-content\/uploads\/2025\/03\/daf-1024x834.jpg\" class=\"attachment-large size-large wp-image-1507\" alt=\"\" srcset=\"https:\/\/logisticavifra.com\/wp-content\/uploads\/2025\/03\/daf-1024x834.jpg 1024w, https:\/\/logisticavifra.com\/wp-content\/uploads\/2025\/03\/daf-300x244.jpg 300w, https:\/\/logisticavifra.com\/wp-content\/uploads\/2025\/03\/daf-768x625.jpg 768w, https:\/\/logisticavifra.com\/wp-content\/uploads\/2025\/03\/daf.jpg 1200w\" sizes=\"(max-width: 800px) 100vw, 800px\" \/>\t\t\t\t\t\t\t\t\t\t\t\t\t\t\t<\/div>\n\t\t\t\t<\/div>\n\t\t\t\t<\/div>\n\t\t<div class=\"elementor-element elementor-element-63d27d0 e-con-full e-flex e-con e-child\" data-id=\"63d27d0\" data-element_type=\"container\" data-e-type=\"container\">\n\t\t\t\t<div class=\"elementor-element elementor-element-5ccc5c4 elementor-widget elementor-widget-theme-post-title elementor-page-title elementor-widget-heading\" data-id=\"5ccc5c4\" data-element_type=\"widget\" data-e-type=\"widget\" data-widget_type=\"theme-post-title.default\">\n\t\t\t\t<div class=\"elementor-widget-container\">\n\t\t\t\t\t<h1 class=\"elementor-heading-title elementor-size-default\">Suport financer de la Uni\u00f3 Europea per a la renovaci\u00f3 de flota<\/h1>\t\t\t\t<\/div>\n\t\t\t\t<\/div>\n\t\t\t\t<div class=\"elementor-element elementor-element-beb805b elementor-widget elementor-widget-theme-post-excerpt\" data-id=\"beb805b\" data-element_type=\"widget\" data-e-type=\"widget\" data-widget_type=\"theme-post-excerpt.default\">\n\t\t\t\t<div class=\"elementor-widget-container\">\n\t\t\t\t\tNuestra empresa ha recibido una ayuda financiera de la Uni\u00f3n Europea destinada al desguace de un veh\u00edculo de transporte antiguo.\t\t\t\t<\/div>\n\t\t\t\t<\/div>\n\t\t\t\t<div class=\"elementor-element elementor-element-3eb879d elementor-widget elementor-widget-button\" data-id=\"3eb879d\" data-element_type=\"widget\" data-e-type=\"widget\" data-widget_type=\"button.default\">\n\t\t\t\t<div class=\"elementor-widget-container\">\n\t\t\t\t\t\t\t\t\t<div class=\"elementor-button-wrapper\">\n\t\t\t\t\t<a class=\"elementor-button elementor-button-link elementor-size-sm\" href=\"https:\/\/logisticavifra.com\/ca\/suport-financer-de-la-unio-europea-per-a-la-renovacio-de-flota\/\">\n\t\t\t\t\t\t<span class=\"elementor-button-content-wrapper\">\n\t\t\t\t\t\t\t\t\t<span class=\"elementor-button-text\">Llegir m\u00e9s<\/span>\n\t\t\t\t\t<\/span>\n\t\t\t\t\t<\/a>\n\t\t\t\t<\/div>\n\t\t\t\t\t\t\t\t<\/div>\n\t\t\t\t<\/div>\n\t\t\t\t<\/div>\n\t\t\t\t<\/div>\n\t\t\t\t<\/div>\n\t\t\t\t<div data-elementor-type=\"loop-item\" data-elementor-id=\"1482\" class=\"elementor elementor-1482 elementor-592 elementor-592 e-loop-item e-loop-item-1457 post-1457 post type-post status-publish format-standard has-post-thumbnail hentry category-sostenibilitat\" data-elementor-post-type=\"elementor_library\" data-custom-edit-handle=\"1\">\n\t\t\t<div class=\"elementor-element elementor-element-3b98f16 e-con-full e-flex e-con e-parent\" data-id=\"3b98f16\" data-element_type=\"container\" data-e-type=\"container\">\n\t\t<div class=\"elementor-element elementor-element-dffb01d e-con-full e-flex e-con e-child\" data-id=\"dffb01d\" data-element_type=\"container\" data-e-type=\"container\">\n\t\t\t\t<div class=\"elementor-element elementor-element-7ece1e0 elementor-widget elementor-widget-theme-post-featured-image elementor-widget-image\" data-id=\"7ece1e0\" data-element_type=\"widget\" data-e-type=\"widget\" data-widget_type=\"theme-post-featured-image.default\">\n\t\t\t\t<div class=\"elementor-widget-container\">\n\t\t\t\t\t\t\t\t\t\t\t\t\t\t\t<img decoding=\"async\" width=\"800\" height=\"450\" src=\"https:\/\/logisticavifra.com\/wp-content\/uploads\/2024\/10\/blog-sostenibilitat-1024x576.jpg\" class=\"attachment-large size-large wp-image-1454\" alt=\"\" srcset=\"https:\/\/logisticavifra.com\/wp-content\/uploads\/2024\/10\/blog-sostenibilitat-1024x576.jpg 1024w, https:\/\/logisticavifra.com\/wp-content\/uploads\/2024\/10\/blog-sostenibilitat-300x169.jpg 300w, https:\/\/logisticavifra.com\/wp-content\/uploads\/2024\/10\/blog-sostenibilitat-768x432.jpg 768w, https:\/\/logisticavifra.com\/wp-content\/uploads\/2024\/10\/blog-sostenibilitat-1536x864.jpg 1536w, https:\/\/logisticavifra.com\/wp-content\/uploads\/2024\/10\/blog-sostenibilitat.jpg 1920w\" sizes=\"(max-width: 800px) 100vw, 800px\" \/>\t\t\t\t\t\t\t\t\t\t\t\t\t\t\t<\/div>\n\t\t\t\t<\/div>\n\t\t\t\t<\/div>\n\t\t<div class=\"elementor-element elementor-element-63d27d0 e-con-full e-flex e-con e-child\" data-id=\"63d27d0\" data-element_type=\"container\" data-e-type=\"container\">\n\t\t\t\t<div class=\"elementor-element elementor-element-5ccc5c4 elementor-widget elementor-widget-theme-post-title elementor-page-title elementor-widget-heading\" data-id=\"5ccc5c4\" data-element_type=\"widget\" data-e-type=\"widget\" data-widget_type=\"theme-post-title.default\">\n\t\t\t\t<div class=\"elementor-widget-container\">\n\t\t\t\t\t<h1 class=\"elementor-heading-title elementor-size-default\">Log\u00edstica Vifra i el seu comprom\u00eds amb la Log\u00edstica Sostenible i Conscient<\/h1>\t\t\t\t<\/div>\n\t\t\t\t<\/div>\n\t\t\t\t<div class=\"elementor-element elementor-element-beb805b elementor-widget elementor-widget-theme-post-excerpt\" data-id=\"beb805b\" data-element_type=\"widget\" data-e-type=\"widget\" data-widget_type=\"theme-post-excerpt.default\">\n\t\t\t\t<div class=\"elementor-widget-container\">\n\t\t\t\t\tLa sostenibilitat no \u00e9s una tend\u00e8ncia. \u00c9s un ferm comprom\u00eds amb el planeta i les persones. Per aquest motiu, integrem la Responsabilitat Social Corporativa i la Sostenibilitat com a nous valors dins de la nostra estrat\u00e8gia actual de negoci.  \t\t\t\t<\/div>\n\t\t\t\t<\/div>\n\t\t\t\t<div class=\"elementor-element elementor-element-3eb879d elementor-widget elementor-widget-button\" data-id=\"3eb879d\" data-element_type=\"widget\" data-e-type=\"widget\" data-widget_type=\"button.default\">\n\t\t\t\t<div class=\"elementor-widget-container\">\n\t\t\t\t\t\t\t\t\t<div class=\"elementor-button-wrapper\">\n\t\t\t\t\t<a class=\"elementor-button elementor-button-link elementor-size-sm\" href=\"https:\/\/logisticavifra.com\/ca\/logistica-vifra-i-el-seu-compromis-amb-la-logistica-sostenible-i-conscient\/\">\n\t\t\t\t\t\t<span class=\"elementor-button-content-wrapper\">\n\t\t\t\t\t\t\t\t\t<span class=\"elementor-button-text\">Llegir m\u00e9s<\/span>\n\t\t\t\t\t<\/span>\n\t\t\t\t\t<\/a>\n\t\t\t\t<\/div>\n\t\t\t\t\t\t\t\t<\/div>\n\t\t\t\t<\/div>\n\t\t\t\t<\/div>\n\t\t\t\t<\/div>\n\t\t\t\t<\/div>\n\t\t\t\t<div data-elementor-type=\"loop-item\" data-elementor-id=\"1482\" class=\"elementor elementor-1482 elementor-592 elementor-592 e-loop-item e-loop-item-1480 post-1480 post type-post status-publish format-standard has-post-thumbnail hentry category-e-commerce-ca\" data-elementor-post-type=\"elementor_library\" data-custom-edit-handle=\"1\">\n\t\t\t<div class=\"elementor-element elementor-element-3b98f16 e-con-full e-flex e-con e-parent\" data-id=\"3b98f16\" data-element_type=\"container\" data-e-type=\"container\">\n\t\t<div class=\"elementor-element elementor-element-dffb01d e-con-full e-flex e-con e-child\" data-id=\"dffb01d\" data-element_type=\"container\" data-e-type=\"container\">\n\t\t\t\t<div class=\"elementor-element elementor-element-7ece1e0 elementor-widget elementor-widget-theme-post-featured-image elementor-widget-image\" data-id=\"7ece1e0\" data-element_type=\"widget\" data-e-type=\"widget\" data-widget_type=\"theme-post-featured-image.default\">\n\t\t\t\t<div class=\"elementor-widget-container\">\n\t\t\t\t\t\t\t\t\t\t\t\t\t\t\t<img decoding=\"async\" width=\"800\" height=\"450\" src=\"https:\/\/logisticavifra.com\/wp-content\/uploads\/2024\/08\/docs-1024x576.jpg\" class=\"attachment-large size-large wp-image-987\" alt=\"\" srcset=\"https:\/\/logisticavifra.com\/wp-content\/uploads\/2024\/08\/docs-1024x576.jpg 1024w, https:\/\/logisticavifra.com\/wp-content\/uploads\/2024\/08\/docs-300x169.jpg 300w, https:\/\/logisticavifra.com\/wp-content\/uploads\/2024\/08\/docs-768x432.jpg 768w, https:\/\/logisticavifra.com\/wp-content\/uploads\/2024\/08\/docs-1536x864.jpg 1536w, https:\/\/logisticavifra.com\/wp-content\/uploads\/2024\/08\/docs.jpg 1920w\" sizes=\"(max-width: 800px) 100vw, 800px\" \/>\t\t\t\t\t\t\t\t\t\t\t\t\t\t\t<\/div>\n\t\t\t\t<\/div>\n\t\t\t\t<\/div>\n\t\t<div class=\"elementor-element elementor-element-63d27d0 e-con-full e-flex e-con e-child\" data-id=\"63d27d0\" data-element_type=\"container\" data-e-type=\"container\">\n\t\t\t\t<div class=\"elementor-element elementor-element-5ccc5c4 elementor-widget elementor-widget-theme-post-title elementor-page-title elementor-widget-heading\" data-id=\"5ccc5c4\" data-element_type=\"widget\" data-e-type=\"widget\" data-widget_type=\"theme-post-title.default\">\n\t\t\t\t<div class=\"elementor-widget-container\">\n\t\t\t\t\t<h1 class=\"elementor-heading-title elementor-size-default\">La Import\u00e0ncia de la Log\u00edstica a l&#8217;E-commerce: Clau per a l&#8217;\u00c8xit a l&#8217;Era Digital<\/h1>\t\t\t\t<\/div>\n\t\t\t\t<\/div>\n\t\t\t\t<div class=\"elementor-element elementor-element-beb805b elementor-widget elementor-widget-theme-post-excerpt\" data-id=\"beb805b\" data-element_type=\"widget\" data-e-type=\"widget\" data-widget_type=\"theme-post-excerpt.default\">\n\t\t\t\t<div class=\"elementor-widget-container\">\n\t\t\t\t\tAl vertigin\u00f3s m\u00f3n del comer\u00e7 electr\u00f2nic, on la velocitat i l'efici\u00e8ncia s\u00f3n fonamentals per satisfer les expectatives dels consumidors, la log\u00edstica s'ha convertit en un pilar essencial per a l'\u00e8xit de qualsevol negoci en l\u00ednia.  \t\t\t\t<\/div>\n\t\t\t\t<\/div>\n\t\t\t\t<div class=\"elementor-element elementor-element-3eb879d elementor-widget elementor-widget-button\" data-id=\"3eb879d\" data-element_type=\"widget\" data-e-type=\"widget\" data-widget_type=\"button.default\">\n\t\t\t\t<div class=\"elementor-widget-container\">\n\t\t\t\t\t\t\t\t\t<div class=\"elementor-button-wrapper\">\n\t\t\t\t\t<a class=\"elementor-button elementor-button-link elementor-size-sm\" href=\"https:\/\/logisticavifra.com\/ca\/la-importancia-de-la-logistica-a-le-commerce-clau-per-a-lexit-a-lera-digital\/\">\n\t\t\t\t\t\t<span class=\"elementor-button-content-wrapper\">\n\t\t\t\t\t\t\t\t\t<span class=\"elementor-button-text\">Llegir m\u00e9s<\/span>\n\t\t\t\t\t<\/span>\n\t\t\t\t\t<\/a>\n\t\t\t\t<\/div>\n\t\t\t\t\t\t\t\t<\/div>\n\t\t\t\t<\/div>\n\t\t\t\t<\/div>\n\t\t\t\t<\/div>\n\t\t\t\t<\/div>\n\t\t\t\t<div data-elementor-type=\"loop-item\" data-elementor-id=\"1482\" class=\"elementor elementor-1482 elementor-592 elementor-592 e-loop-item e-loop-item-1481 post-1481 post type-post status-publish format-standard has-post-thumbnail hentry category-ia-ca\" data-elementor-post-type=\"elementor_library\" data-custom-edit-handle=\"1\">\n\t\t\t<div class=\"elementor-element elementor-element-3b98f16 e-con-full e-flex e-con e-parent\" data-id=\"3b98f16\" data-element_type=\"container\" data-e-type=\"container\">\n\t\t<div class=\"elementor-element elementor-element-dffb01d e-con-full e-flex e-con e-child\" data-id=\"dffb01d\" data-element_type=\"container\" data-e-type=\"container\">\n\t\t\t\t<div class=\"elementor-element elementor-element-7ece1e0 elementor-widget elementor-widget-theme-post-featured-image elementor-widget-image\" data-id=\"7ece1e0\" data-element_type=\"widget\" data-e-type=\"widget\" data-widget_type=\"theme-post-featured-image.default\">\n\t\t\t\t<div class=\"elementor-widget-container\">\n\t\t\t\t\t\t\t\t\t\t\t\t\t\t\t<img loading=\"lazy\" decoding=\"async\" width=\"800\" height=\"534\" src=\"https:\/\/logisticavifra.com\/wp-content\/uploads\/2024\/08\/2151189334.jpg\" class=\"attachment-large size-large wp-image-997\" alt=\"\" srcset=\"https:\/\/logisticavifra.com\/wp-content\/uploads\/2024\/08\/2151189334.jpg 1000w, https:\/\/logisticavifra.com\/wp-content\/uploads\/2024\/08\/2151189334-300x200.jpg 300w, https:\/\/logisticavifra.com\/wp-content\/uploads\/2024\/08\/2151189334-768x512.jpg 768w\" sizes=\"(max-width: 800px) 100vw, 800px\" \/>\t\t\t\t\t\t\t\t\t\t\t\t\t\t\t<\/div>\n\t\t\t\t<\/div>\n\t\t\t\t<\/div>\n\t\t<div class=\"elementor-element elementor-element-63d27d0 e-con-full e-flex e-con e-child\" data-id=\"63d27d0\" data-element_type=\"container\" data-e-type=\"container\">\n\t\t\t\t<div class=\"elementor-element elementor-element-5ccc5c4 elementor-widget elementor-widget-theme-post-title elementor-page-title elementor-widget-heading\" data-id=\"5ccc5c4\" data-element_type=\"widget\" data-e-type=\"widget\" data-widget_type=\"theme-post-title.default\">\n\t\t\t\t<div class=\"elementor-widget-container\">\n\t\t\t\t\t<h1 class=\"elementor-heading-title elementor-size-default\">L&#8217;Impacte de la Intel\u00b7lig\u00e8ncia Artificial a la Log\u00edstica: Transformant la Cadena de Subministrament<\/h1>\t\t\t\t<\/div>\n\t\t\t\t<\/div>\n\t\t\t\t<div class=\"elementor-element elementor-element-beb805b elementor-widget elementor-widget-theme-post-excerpt\" data-id=\"beb805b\" data-element_type=\"widget\" data-e-type=\"widget\" data-widget_type=\"theme-post-excerpt.default\">\n\t\t\t\t<div class=\"elementor-widget-container\">\n\t\t\t\t\tEn la darrera d\u00e8cada, la intel\u00b7lig\u00e8ncia artificial (IA) ha emergit com una de les forces m\u00e9s transformadores al sector de la log\u00edstica. Des de l'optimitzaci\u00f3 de rutes fins a la gesti\u00f3 automatitzada d'inventaris, la IA est\u00e0 revolucionant com les empreses gestionen les cadenes de subministrament. En aquest article explorarem com la intel\u00b7lig\u00e8ncia artificial est\u00e0 canviant la log\u00edstica, els beneficis que ofereix i els desafiaments que les empreses han de superar per aprofitar al m\u00e0xim aquesta tecnologia.  \t\t\t\t<\/div>\n\t\t\t\t<\/div>\n\t\t\t\t<div class=\"elementor-element elementor-element-3eb879d elementor-widget elementor-widget-button\" data-id=\"3eb879d\" data-element_type=\"widget\" data-e-type=\"widget\" data-widget_type=\"button.default\">\n\t\t\t\t<div class=\"elementor-widget-container\">\n\t\t\t\t\t\t\t\t\t<div class=\"elementor-button-wrapper\">\n\t\t\t\t\t<a class=\"elementor-button elementor-button-link elementor-size-sm\" href=\"https:\/\/logisticavifra.com\/ca\/limpacte-de-la-intelligencia-artificial-a-la-logistica-transformant-la-cadena-de-subministrament\/\">\n\t\t\t\t\t\t<span class=\"elementor-button-content-wrapper\">\n\t\t\t\t\t\t\t\t\t<span class=\"elementor-button-text\">Llegir m\u00e9s<\/span>\n\t\t\t\t\t<\/span>\n\t\t\t\t\t<\/a>\n\t\t\t\t<\/div>\n\t\t\t\t\t\t\t\t<\/div>\n\t\t\t\t<\/div>\n\t\t\t\t<\/div>\n\t\t\t\t<\/div>\n\t\t\t\t<\/div>\n\t\t\t\t<\/div>\n\t\t\n\t\t\t\t\t\t<\/div>\n\t\t\t\t<\/div>\n\t\t\t\t\t<\/div>\n\t\t\t\t<\/div>\n\t\t\t\t<\/div>\n\t\t","protected":false},"excerpt":{"rendered":"","protected":false},"author":1,"featured_media":0,"parent":0,"menu_order":0,"comment_status":"closed","ping_status":"closed","template":"","meta":{"_acf_changed":false,"_seopress_robots_primary_cat":"","_seopress_titles_title":"","_seopress_titles_desc":"","_seopress_robots_index":"","inline_featured_image":false,"footnotes":""},"class_list":["post-1109","page","type-page","status-publish","hentry"],"acf":[],"_links":{"self":[{"href":"https:\/\/logisticavifra.com\/ca\/wp-json\/wp\/v2\/pages\/1109","targetHints":{"allow":["GET"]}}],"collection":[{"href":"https:\/\/logisticavifra.com\/ca\/wp-json\/wp\/v2\/pages"}],"about":[{"href":"https:\/\/logisticavifra.com\/ca\/wp-json\/wp\/v2\/types\/page"}],"author":[{"embeddable":true,"href":"https:\/\/logisticavifra.com\/ca\/wp-json\/wp\/v2\/users\/1"}],"replies":[{"embeddable":true,"href":"https:\/\/logisticavifra.com\/ca\/wp-json\/wp\/v2\/comments?post=1109"}],"version-history":[{"count":2,"href":"https:\/\/logisticavifra.com\/ca\/wp-json\/wp\/v2\/pages\/1109\/revisions"}],"predecessor-version":[{"id":1349,"href":"https:\/\/logisticavifra.com\/ca\/wp-json\/wp\/v2\/pages\/1109\/revisions\/1349"}],"wp:attachment":[{"href":"https:\/\/logisticavifra.com\/ca\/wp-json\/wp\/v2\/media?parent=1109"}],"curies":[{"name":"wp","href":"https:\/\/api.w.org\/{rel}","templated":true}]}}