{"id":1122,"date":"2024-08-20T11:53:30","date_gmt":"2024-08-20T09:53:30","guid":{"rendered":"https:\/\/logisticavifra.com\/politica-de-cookies\/"},"modified":"2024-08-20T11:53:30","modified_gmt":"2024-08-20T09:53:30","slug":"politica-de-cookies","status":"publish","type":"page","link":"https:\/\/logisticavifra.com\/ca\/politica-de-cookies\/","title":{"rendered":"Pol\u00edtica de cookies"},"content":{"rendered":"<style>\n    a.cky-banner-element {<br \/>        padding: 8px 30px;<br \/>        background: #F8F9FA;<br \/>        color: #858A8F;<br \/>        border: 1px solid #DEE2E6;<br \/>        box-sizing: border-box;<br \/>        border-radius: 2px;<br \/>        cursor: pointer;<br \/>}<br \/><\/style>\n<h1 class=\"cookie-policy-h1\">Pol\u00edtica de Cookies<\/h1>\n<p>  Data de vig\u00e8ncia: 12-Sep-2024 Darrera actualitzaci\u00f3: 12-Sep-2024  &nbsp;<\/p>\n<h5>Qu\u00e8 s\u00f3n les galetes?<\/h5>\n<div class=\"cookie-policy-p\">  Aquesta Pol\u00edtica de Cookies explica qu\u00e8 s\u00f3n les galetes i com les fem servir, els tipus de galetes que utilitzem, \u00e9s a dir, la informaci\u00f3 que recopilem mitjan\u00e7ant galetes, com es fa servir aquesta informaci\u00f3 i com gestionar la configuraci\u00f3 de galetes. Les galetes s\u00f3n petits fitxers de text que s&#8217;utilitzen per emmagatzemar petits fragments d&#8217;informaci\u00f3. S&#8217;emmagatzemen al dispositiu quan el lloc web es carrega al navegador. Aquestes cookies ens ajuden a fer que el lloc web funcioni correctament, sigui m\u00e9s segur, proporcioni una millor experi\u00e8ncia d&#8217;usuari i ens permeti entendre com funciona el lloc web i analitzar qu\u00e8 funciona b\u00e9 i qu\u00e8 necessita millorar.     <\/div>\n<p>&nbsp;<\/p>\n<h5>Com utilitzem les galetes?<\/h5>\n<div class=\"cookie-policy-p\">  Com la majoria dels serveis en l\u00ednia, el nostre lloc web utilitza galetes d&#8217;origen i de tercers per a diversos prop\u00f2sits. Les galetes s\u00f3n principalment necess\u00e0ries perqu\u00e8 el lloc web funcioni de manera correcta, i no recopilen cap dada personal identificable seva. Les cookies de tercers utilitzades al nostre lloc web s\u00f3n principalment per entendre com funciona el lloc web, com interactua amb el nostre lloc, mantenir els nostres serveis segurs, proporcionar anuncis que siguin rellevants per a vost\u00e8 i, en general, oferir-vos una millor experi\u00e8ncia d&#8217;usuari, aix\u00ed com accelerar les vostres futures interaccions amb el nostre lloc web.    <\/div>\n<p>&nbsp;<\/p>\n<h5>Tipus de Cookies que utilitzem<\/h5>\n<div class=\"cky-audit-table-element\"><\/div>\n<p>&nbsp;<\/p>\n<h5 style=\"margin-bottom: 20px;\">Gestionar prefer\u00e8ncies de cookies<\/h5>\n<p><a class=\"cky-banner-element\">Configuraci\u00f3 de Cookies<\/a><\/p>\n<div>  Pots canviar les teves prefer\u00e8ncies de cookies en qualsevol moment fent clic al bot\u00f3 anterior. Aix\u00f2 us permetr\u00e0 tornar a veure el banner de consentiment de cookies i canviar les vostres prefer\u00e8ncies o retirar el vostre consentiment immediatament. A m\u00e9s d&#8217;aix\u00f2, diferents navegadors proporcionen diferents m\u00e8todes per bloquejar i eliminar les galetes utilitzades pels llocs web. Pots canviar la configuraci\u00f3 del teu navegador per bloquejar o eliminar les galetes. A continuaci\u00f3, es llisten els enlla\u00e7os als documents de suport sobre com gestionar i eliminar galetes dels principals navegadors web. Chrome: <a href=\"https:\/\/support.google.com\/accounts\/answer\/32050\" target=\"_blank\" rel=\"noopener\">https:\/\/support.google.com\/accounts\/answer\/32050<\/a> Safari: <a href=\"https:\/\/support.apple.com\/en-in\/guide\/safari\/sfri11471\/mac\" target=\"_blank\" rel=\"noopener\">https:\/\/support.apple.com\/en-in\/guide\/safari\/sfri11471\/mac<\/a> Firefox: <a href=\"https:\/\/support.mozilla.org\/en-US\/kb\/clear-cookies-and-site-data-firefox?redirectslug=delete-cookies-remove-info-websites-stored&amp;redirectlocale=en-US\" target=\"_blank\" rel=\"noopener\">https:\/\/support.mozilla.org\/en-US\/kb\/clear-cookies-and-site-data-firefox?redirectslug=delete-cookies-remove-info-websites-stored&amp;redirectlocale=en-US<\/a> Internet Explorer: <a href=\"https:\/\/support.microsoft.com\/en-us\/topic\/how-to-delete-cookie-files-in-internet-explorer-bca9446f-d873-78de-77ba-d42645fa52fc\" target=\"_blank\" rel=\"noopener\">https:\/\/support.microsoft.com\/en-us\/topic\/how-to-delete-cookie-files-in-internet-explorer-bca9446f-d873-78de-77ba-d42645fa52fc<\/a> Si est\u00e0s utilitzant qualsevol altre navegador web, per favor visita els documents de suport oficials del teu navegador.       <\/div>\n<p>&nbsp;<\/p>\n<p class=\"cookie-policy-p\">Pol\u00edtica de Cookies generada per <a href=\"https:\/\/www.cookieyes.com\/?utm_source=CP&amp;utm_medium=footer&amp;utm_campaign=UW\" target=\"_blank\" rel=\"noopener\">CookieYes &#8211; Generador de Pol\u00edtiques de Cookies<\/a> .<\/p>\n<p>&nbsp;<\/p>\n<p>&nbsp;<\/p>\n","protected":false},"excerpt":{"rendered":"<p>Pol\u00edtica de Cookies Data de vig\u00e8ncia: 12-Sep-2024 Darrera actualitzaci\u00f3: 12-Sep-2024 &nbsp; Qu\u00e8 s\u00f3n les galetes? Aquesta Pol\u00edtica de Cookies explica qu\u00e8 s\u00f3n les galetes i com les fem servir, els tipus de galetes que utilitzem, \u00e9s a dir, la informaci\u00f3 que recopilem mitjan\u00e7ant galetes, com es fa servir aquesta informaci\u00f3 i com gestionar la configuraci\u00f3 [&hellip;]<\/p>\n","protected":false},"author":1,"featured_media":0,"parent":0,"menu_order":0,"comment_status":"closed","ping_status":"closed","template":"","meta":{"_acf_changed":false,"_seopress_robots_primary_cat":"","_seopress_titles_title":"","_seopress_titles_desc":"","_seopress_robots_index":"","inline_featured_image":false,"footnotes":""},"class_list":["post-1122","page","type-page","status-publish","hentry"],"acf":[],"_links":{"self":[{"href":"https:\/\/logisticavifra.com\/ca\/wp-json\/wp\/v2\/pages\/1122","targetHints":{"allow":["GET"]}}],"collection":[{"href":"https:\/\/logisticavifra.com\/ca\/wp-json\/wp\/v2\/pages"}],"about":[{"href":"https:\/\/logisticavifra.com\/ca\/wp-json\/wp\/v2\/types\/page"}],"author":[{"embeddable":true,"href":"https:\/\/logisticavifra.com\/ca\/wp-json\/wp\/v2\/users\/1"}],"replies":[{"embeddable":true,"href":"https:\/\/logisticavifra.com\/ca\/wp-json\/wp\/v2\/comments?post=1122"}],"version-history":[{"count":0,"href":"https:\/\/logisticavifra.com\/ca\/wp-json\/wp\/v2\/pages\/1122\/revisions"}],"wp:attachment":[{"href":"https:\/\/logisticavifra.com\/ca\/wp-json\/wp\/v2\/media?parent=1122"}],"curies":[{"name":"wp","href":"https:\/\/api.w.org\/{rel}","templated":true}]}}