{"id":1126,"date":"2024-08-18T19:32:52","date_gmt":"2024-08-18T17:32:52","guid":{"rendered":"https:\/\/logisticavifra.com\/politica-de-privadesa\/"},"modified":"2024-08-18T19:32:52","modified_gmt":"2024-08-18T17:32:52","slug":"politica-de-privadesa","status":"publish","type":"page","link":"https:\/\/logisticavifra.com\/ca\/politica-de-privadesa\/","title":{"rendered":"Pol\u00edtica de privadesa"},"content":{"rendered":"<p align=\"justify\"><strong>Vifra 2010, SL<\/strong> Pol. Ind. Santa Maria C\/ Manresa, 158 Art\u00e9s 08271 Barcelona Espanya nif\/cif:B-64.226.582 <a>info@logisticavifra.com<\/a>  <\/p>\n<p>  A VIFRA 2010, SLU, ens preocupem per la privadesa i la transpar\u00e8ncia. 2016\/679, de 27 d&#8217;abril de 2016 del Parlament Europeu, i del Consell relatiu a la Protecci\u00f3 de les persones f\u00edsiques en all\u00f2 que respecte al tractament de les vostres dades personals i per la Llei Org\u00e0nica 3\/2018, de 5 de desembre, de Protecci\u00f3 de Dades Personals i garantia dels drets digitals.   <\/p>\n<table>\n<tbody>\n<tr>\n<td colspan=\"2\" width=\"566\"><strong>Informaci\u00f3 b\u00e0sica sobre Protecci\u00f3 de dades<\/strong><\/td>\n<\/tr>\n<tr>\n<td width=\"176\"><strong>Responsable:<\/strong><\/td>\n<td width=\"390\">VIFRA 2010, SLU<\/td>\n<\/tr>\n<tr>\n<td width=\"176\"><strong>Finalitat:<\/strong><\/td>\n<td width=\"390\">Realitzar la gesti\u00f3 administrativa, comptable i fiscal, aix\u00ed com enviar comunicacions comercials sobre els nostres productes i serveis.<\/td>\n<\/tr>\n<tr>\n<td width=\"176\"><strong>Drets:<\/strong><\/td>\n<td width=\"390\">Teniu dret a accedir, rectificar i suprimir les dades, aix\u00ed com altres drets, indicats a la informaci\u00f3 addicional.<\/td>\n<\/tr>\n<tr>\n<td width=\"176\"><strong>Proced\u00e8ncia:<\/strong><\/td>\n<td width=\"390\">El mateix interessat.<\/td>\n<\/tr>\n<\/tbody>\n<\/table>\n<p>&nbsp;  Informaci\u00f3 completa sobre Protecci\u00f3 de Dades  <\/p>\n<ol>\n<li><strong>\u00bf Qui \u00e9s el responsable del tractament de les vostres dades?<\/strong><\/li>\n<\/ol>\n<p>  VIFRA 2010, SLU B64226582 C\/ Manresa, n\u00fam. 158, 08271 Arts \u2013 Barcelona 938202692 <a href=\"mailto:info@logisticavifra.com\">info@logisticavifra.com<\/a><\/p>\n<ol start=\"2\">\n<li><strong>Amb quina finalitat tractem les vostres dades personals?<\/strong><\/li>\n<\/ol>\n<p>  A VIFRA 2010, SLU tractem la informaci\u00f3 que ens faciliten les persones interessades per tal de gesti\u00f3 administrativa, comptable i fiscal, aix\u00ed com l&#8217;enviament de comunicacions comercials sobre els nostres productes i serveis.  <\/p>\n<ol start=\"3\">\n<li><strong>Per quant de temps conservarem les vostres dades?<\/strong><\/li>\n<\/ol>\n<p>  Durant 5 anys o quan ja no siguin necessaris per a la finalitat per a la qual es van recollir o mentre linteressat no sol\u00b7liciti la seva supressi\u00f3.  <\/p>\n<ol start=\"4\">\n<li><strong>Quina \u00e9s la legitimaci\u00f3 per al tractament de les vostres dades?<\/strong><\/li>\n<\/ol>\n<p>  Us indiquem la base legal per al tractament de les vostres dades: Llei 34\/2002, d&#8217;11 de juliol, de Serveis de la Societat de la Informaci\u00f3 i Comer\u00e7 Electr\u00f2nic; la Llei 56\/2007, de 28 de desembre, de mesures d&#8217;impuls a la societat de la informaci\u00f3; el Reial decret legislatiu 1\/2007, de 16 de novembre, pel qual saprova el Text Ref\u00f3s de la Llei General de Defensa dels Consumidors i Usuaris. Consentiment de l&#8217;interessat: REGLAMENT (UE) 2016\/679, de 27 d&#8217;abril del 2016 del Parlament Europeu, i del Consell relatiu a la Protecci\u00f3 de les persones f\u00edsiques pel que fa al tractament de les seves dades personals i la Llei Org\u00e0nica 3\/2018 , de 5 de desembre, de protecci\u00f3 de dades personals i garantia dels drets digitals.   <\/p>\n<ol start=\"5\">\n<li><strong>A quins destinataris es comunicaran les vostres dades?<\/strong><\/li>\n<\/ol>\n<p>  No se cediran dades a tercers, llevat d&#8217;obligaci\u00f3 legal.  <\/p>\n<ol start=\"6\">\n<li><strong>Transfer\u00e8ncies de dades a tercers pa\u00efsos<\/strong><\/li>\n<\/ol>\n<p>  No estan previstes transfer\u00e8ncies de dades a tercers pa\u00efsos.  <\/p>\n<ol start=\"7\">\n<li><strong>Quins s\u00f3n els vostres drets quan ens facilita les vostres dades?<\/strong><\/li>\n<\/ol>\n<p>  Qualsevol persona t\u00e9 dret a obtenir confirmaci\u00f3 sobre si estem tractant, o no, dades personals que els concerneixin. Les persones interessades tenen dret a accedir a les seves dades personals, aix\u00ed com a sol\u00b7licitar la rectificaci\u00f3 de les dades inexactes o, si escau, sol\u00b7licitar-ne la supressi\u00f3 quan, entre altres motius, les dades ja no siguin necess\u00e0ries per als fins que van ser recollides. Igualment, t\u00e9 dret a la portabilitat de les seves dades. En determinades circumst\u00e0ncies, els interessats podran sol\u00b7licitar la limitaci\u00f3 del tractament de les seves dades, cas en qu\u00e8 \u00fanicament les conservarem per a l&#8217;exercici o la defensa de reclamacions. En determinades circumst\u00e0ncies i per motius relacionats amb la seva situaci\u00f3 particular, els interessats es poden oposar al tractament de les seves dades. En aquest cas, es deixar\u00e0 de tractar les dades, excepte per motius leg\u00edtims imperiosos, o l&#8217;exercici o la defensa de possibles reclamacions. Quan es faci l&#8217;enviament de comunicacions comercials utilitzant com a base jur\u00eddica l&#8217;inter\u00e8s leg\u00edtim del responsable, l&#8217;interessat podr\u00e0 oposar-se al tractament de les seves dades amb aquesta finalitat. Si ha atorgat el consentiment per a alguna finalitat concreta, t\u00e9 dret a retirar el consentiment atorgat a qualsevol moment, sense que aix\u00f2 afecti la licitud del tractament basat en el consentiment previ a la seva retirada. Podr\u00e0 exercitar els seus drets enviant correu electr\u00f2nic a <a href=\"mailto:info@logisticavifra.com\">info@logisticavifra.com<\/a> o correu postal a l&#8217;adre\u00e7a del responsable, indicada al punt 1. En cas que senti vulnerats els seus drets pel que fa a la protecci\u00f3 de les seves dades personals, especialment quan no hagi obtingut satisfacci\u00f3 en l&#8217;exercici dels seus drets, podeu presentar una reclamaci\u00f3 davant l&#8217;Autoritat de Control en mat\u00e8ria de Protecci\u00f3 de Dades competent a trav\u00e9s del vostre lloc web: <a href=\"http:\/\/www.agpd.es\/\">www.agpd.es<\/a> .           <\/p>\n<ol start=\"8\">\n<li><strong>Com hem obtingut les vostres dades?<\/strong><\/li>\n<\/ol>\n<p>  Les dades personals que tractem a VIFRA 2010, SLU procedeixen del propi interessat. Les categories de dades que es tracten s\u00f3n:   <\/p>\n<ul>\n<li>Dades identificatives<\/li>\n<li>Adreces postals i electr\u00f2niques<\/li>\n<li>Informaci\u00f3 comercial<\/li>\n<\/ul>\n<p>  No es tracten categories especials de dades personals (s\u00f3n aquelles dades que revelin l&#8217;origen \u00e8tnic o racial, les opinions pol\u00edtiques, les conviccions religioses o filos\u00f2fiques, o l&#8217;afiliaci\u00f3 sindical, dades gen\u00e8tiques, dades biom\u00e8triques adre\u00e7ades a identificar de manera un\u00edvoca una persona f\u00edsica dades relatives a la salut o dades relatives a la vida sexual o l&#8217;orientaci\u00f3 sexual d&#8217;una persona f\u00edsica).<\/p>\n","protected":false},"excerpt":{"rendered":"<p>Vifra 2010, SL Pol. Ind. Santa Maria C\/ Manresa, 158 Art\u00e9s 08271 Barcelona Espanya nif\/cif:B-64.226.582 info@logisticavifra.com A VIFRA 2010, SLU, ens preocupem per la privadesa i la transpar\u00e8ncia. 2016\/679, de 27 d&#8217;abril de 2016 del Parlament Europeu, i del Consell relatiu a la Protecci\u00f3 de les persones f\u00edsiques en all\u00f2 que respecte al tractament de [&hellip;]<\/p>\n","protected":false},"author":1,"featured_media":0,"parent":0,"menu_order":0,"comment_status":"closed","ping_status":"closed","template":"","meta":{"_acf_changed":false,"_seopress_robots_primary_cat":"","_seopress_titles_title":"","_seopress_titles_desc":"","_seopress_robots_index":"","inline_featured_image":false,"footnotes":""},"class_list":["post-1126","page","type-page","status-publish","hentry"],"acf":[],"_links":{"self":[{"href":"https:\/\/logisticavifra.com\/ca\/wp-json\/wp\/v2\/pages\/1126","targetHints":{"allow":["GET"]}}],"collection":[{"href":"https:\/\/logisticavifra.com\/ca\/wp-json\/wp\/v2\/pages"}],"about":[{"href":"https:\/\/logisticavifra.com\/ca\/wp-json\/wp\/v2\/types\/page"}],"author":[{"embeddable":true,"href":"https:\/\/logisticavifra.com\/ca\/wp-json\/wp\/v2\/users\/1"}],"replies":[{"embeddable":true,"href":"https:\/\/logisticavifra.com\/ca\/wp-json\/wp\/v2\/comments?post=1126"}],"version-history":[{"count":0,"href":"https:\/\/logisticavifra.com\/ca\/wp-json\/wp\/v2\/pages\/1126\/revisions"}],"wp:attachment":[{"href":"https:\/\/logisticavifra.com\/ca\/wp-json\/wp\/v2\/media?parent=1126"}],"curies":[{"name":"wp","href":"https:\/\/api.w.org\/{rel}","templated":true}]}}