{"id":1128,"date":"2024-08-20T11:53:42","date_gmt":"2024-08-20T09:53:42","guid":{"rendered":"https:\/\/logisticavifra.com\/politica-de-xarxes-socials\/"},"modified":"2024-08-20T11:53:42","modified_gmt":"2024-08-20T09:53:42","slug":"politica-de-xarxes-socials","status":"publish","type":"page","link":"https:\/\/logisticavifra.com\/ca\/politica-de-xarxes-socials\/","title":{"rendered":"Pol\u00edtica de xarxes socials"},"content":{"rendered":"<p align=\"justify\"><strong>Vifra 2010, SL<\/strong> Pol. Ind. Santa Maria C\/ Manresa, 158 Art\u00e9s 08271 Barcelona Espanya nif\/cif: B64226582 <a>info@logisticavifra.com<\/a>  <\/p>\n<div>  En compliment del REGLAMENT (UE) 2016\/679, de 27 d&#8217;abril del 2016 del Parlament Europeu, i del Consell relatiu a la Protecci\u00f3 de les persones f\u00edsiques pel que fa al tractament de les seves dades personals, la Llei Org\u00e0nica 3\/2018, de 5 de desembre, de Protecci\u00f3 de Dades Personals i garantia dels drets digitals i la Llei 34\/2002, d&#8217;11 de juliol, de Serveis de la Societat de la Informaci\u00f3 i de Comer\u00e7 Electr\u00f2nic (LSSI-CE), VIFRA 2010, SLU, d&#8217;ara endavant (VIFRA) informa els usuaris, que ha procedit a crear un perfil a les Xarxes Socials amb la finalitat principal de publicitar els seus productes i serveis. L&#8217;usuari disposa d&#8217;un perfil a la mateixa Xarxa Social i ha decidit unir-se a la p\u00e0gina creada per VIFRA, mostrant aix\u00ed inter\u00e8s en la informaci\u00f3 que es publiciti a la Xarxa. En unir-se a la nostra p\u00e0gina, ens facilita el consentiment per al tractament d&#8217;aquells dades personals publicades al vostre perfil. L&#8217;usuari pot accedir en tot moment a les pol\u00edtiques de privadesa de la pr\u00f2pia Xarxa Social, aix\u00ed com configurar el seu perfil per garantir-ne la privadesa. VIFRA t\u00e9 acc\u00e9s i tracta aquella informaci\u00f3 p\u00fablica de l&#8217;usuari, especialment el nom de contacte. Aquestes dades nom\u00e9s s\u00f3n utilitzades dins de la pr\u00f2pia Xarxa Social i en cap cas s\u00f3n incorporades a cap fitxer, sense sol\u00b7licitar pr\u00e8viament el consentiment expr\u00e9s de l&#8217;interessat. Pel que fa als drets d&#8217;acc\u00e9s, rectificaci\u00f3, cancel\u00b7laci\u00f3 i oposici\u00f3, de qu\u00e8 disposeu i que podeu ser exercitats davant VIFRA, d&#8217;acord amb REGLAMENT (UE) 2016\/679, de 27 d&#8217;abril de 2016 del Parlament Europeu, heu de tenir en compte que, a causa de la pr\u00f2pia funcionalitat de les xarxes socials, normalment haur\u00e0 d&#8217;exercir els seus drets davant de la pr\u00f2pia Xarxa Social. VIFRA realitzar\u00e0 les actuacions seg\u00fcents:         <\/p>\n<ul>\n<li>Acc\u00e9s a la informaci\u00f3 p\u00fablica del perfil.<\/li>\n<li>Publicaci\u00f3 al perfil de l&#8217;usuari de tota aquella informaci\u00f3 ja publicada a la p\u00e0gina de VIFRA.<\/li>\n<li>Enviar missatges personals i individuals a trav\u00e9s dels canals de la Xarxa Social.<\/li>\n<li>Actualitzacions de l&#8217;estat de la p\u00e0gina que es publicaran al perfil de l&#8217;usuari.<\/li>\n<\/ul>\n<p>  L&#8217;usuari sempre pot controlar les connexions, eliminar els continguts que deixin d&#8217;interessar-li i restringir amb qui comparteix les connexions, per a aix\u00f2 haur\u00e0 d&#8217;accedir a la seva configuraci\u00f3 de privadesa. <strong>DADES DE MENORS<\/strong> L&#8217;acc\u00e9s i el registre a aquesta xarxa social est\u00e0 prohibit per a menors de 14 anys. L&#8217;acc\u00e9s al lloc oficial de VIFRA tamb\u00e9 est\u00e0 prohibit per a menors de 14 anys. Per la seva banda, si l&#8217;usuari no compleix aquest requisit, VIFRA us informa de la necessitat de tenir l&#8217;autoritzaci\u00f3 dels pares, tutors o responsables legals per accedir i utilitzar el lloc oficial de VIFRA. VIFRA queda eximit de qualsevol responsabilitat derivada de l&#8217;\u00fas del seu lloc oficial per menors o usuaris que no compleixin els requisits pr\u00e8viament esmentats, i en qualsevol cas, els seus representants legals s\u00f3n els \u00fanics responsables. <strong>PUBLICACIONS<\/strong> L&#8217;usuari, un cop unit a la p\u00e0gina de VIFRA, podr\u00e0 publicar en aquesta darrera comentaris, enlla\u00e7os, imatges o fotografies o qualsevol altre tipus de contingut multim\u00e8dia suportat per la Xarxa Social. L&#8217;usuari, en tots els casos, n&#8217;ha de ser el titular, gaudir dels drets d&#8217;autor i de propietat intel\u00b7lectual o comptar amb el consentiment dels tercers afectats. Es prohibeix expressament qualsevol publicaci\u00f3 a la p\u00e0gina, ja siguin textos, gr\u00e0fics, fotografies, v\u00eddeos, etc. que atemptin o siguin susceptibles d&#8217;atemptar contra la moral, l&#8217;\u00e8tica, el bon gust o el dec\u00f2rum, i\/o que infringeixin, violin o trenquin els drets de propietat intel\u00b7lectual o industrial, el dret a la imatge o la Llei. En aquests casos, VIFRA es reserva el dret de retirar immediatament el contingut, podent sol\u00b7licitar el bloqueig permanent de l&#8217;usuari. VIFRA no es far\u00e0 responsable dels continguts que ha publicat lliurement un usuari. L&#8217;usuari ha de tenir present que les seves publicacions seran conegudes pels altres usuaris, per la qual cosa ell mateix \u00e9s el principal responsable de la seva privadesa. Les imatges que puguin publicar-se a la p\u00e0gina no seran emmagatzemades en cap fitxer per part de VIFRA, per\u00f2 s\u00ed que romandran a la Xarxa Social. <strong>CONCURSOS I PROMOCIONS<\/strong> VIFRA es reserva el dret a realitzar concursos i promocions, en qu\u00e8 podr\u00e0 participar l&#8217;usuari unit a la seva p\u00e0gina. Les bases de cadascun d&#8217;ells, quan s&#8217;utilitzi la plataforma de la Xarxa Social, seran publicades en aquesta. Complint sempre amb la LSSI-CE i amb qualsevol altra norma que li sigui aplicable. La Xarxa Social no patrocina, avala ni administra, de cap manera, cap de les nostres promocions, ni est\u00e0 associada a cap. <strong>PUBLICITAT<\/strong> VIFRA utilitzar\u00e0 la Xarxa Social per publicitar els seus productes i serveis, en tot cas, si decideix tractar les dades de contacte per realitzar accions directes de prospecci\u00f3 comercial, ser\u00e0 sempre, complint amb les exig\u00e8ncies legals del RGPD, de la LOPDGDD i de la LSSI -CE. No es considerar\u00e0 publicitat el fet de recomanar a altres usuaris la p\u00e0gina de VIFRA perqu\u00e8 tamb\u00e9 puguin gaudir de les promocions o estar informats de la seva activitat. A continuaci\u00f3, detallem l&#8217;enlla\u00e7 a la pol\u00edtica de privadesa de la Xarxa Social:                <\/p>\n<ul>\n<li>Facebook: <a href=\"https:\/\/www.facebook.com\/logisticavifra\/\">https:\/\/www.facebook.com\/logisticavifra\/<\/a><\/li>\n<li>LinkedIn: <a href=\"https:\/\/www.linkedin.com\/authwall\">https:\/\/www.linkedin.com\/authwall<\/a> ?<\/li>\n<li>YouTube: https:\/\/www.youtube.com\/channel\/UCjghoS_3CzL7WgWvFHlqfKg<\/li>\n<\/ul>\n<\/div>\n<div id=\"gtx-trans\" style=\"position: absolute; left: -42px; top: 360px;\">\n<div class=\"gtx-trans-icon\"><\/div>\n<\/div>\n","protected":false},"excerpt":{"rendered":"<p>Vifra 2010, SL Pol. Ind. Santa Maria C\/ Manresa, 158 Art\u00e9s 08271 Barcelona Espanya nif\/cif: B64226582 info@logisticavifra.com En compliment del REGLAMENT (UE) 2016\/679, de 27 d&#8217;abril del 2016 del Parlament Europeu, i del Consell relatiu a la Protecci\u00f3 de les persones f\u00edsiques pel que fa al tractament de les seves dades personals, la Llei Org\u00e0nica [&hellip;]<\/p>\n","protected":false},"author":1,"featured_media":0,"parent":0,"menu_order":0,"comment_status":"closed","ping_status":"closed","template":"","meta":{"_acf_changed":false,"_seopress_robots_primary_cat":"","_seopress_titles_title":"","_seopress_titles_desc":"","_seopress_robots_index":"","inline_featured_image":false,"footnotes":""},"class_list":["post-1128","page","type-page","status-publish","hentry"],"acf":[],"_links":{"self":[{"href":"https:\/\/logisticavifra.com\/ca\/wp-json\/wp\/v2\/pages\/1128","targetHints":{"allow":["GET"]}}],"collection":[{"href":"https:\/\/logisticavifra.com\/ca\/wp-json\/wp\/v2\/pages"}],"about":[{"href":"https:\/\/logisticavifra.com\/ca\/wp-json\/wp\/v2\/types\/page"}],"author":[{"embeddable":true,"href":"https:\/\/logisticavifra.com\/ca\/wp-json\/wp\/v2\/users\/1"}],"replies":[{"embeddable":true,"href":"https:\/\/logisticavifra.com\/ca\/wp-json\/wp\/v2\/comments?post=1128"}],"version-history":[{"count":0,"href":"https:\/\/logisticavifra.com\/ca\/wp-json\/wp\/v2\/pages\/1128\/revisions"}],"wp:attachment":[{"href":"https:\/\/logisticavifra.com\/ca\/wp-json\/wp\/v2\/media?parent=1128"}],"curies":[{"name":"wp","href":"https:\/\/api.w.org\/{rel}","templated":true}]}}